{"id":15,"date":"2014-04-16T15:59:03","date_gmt":"2014-04-16T13:59:03","guid":{"rendered":"http:\/\/www.hotelideal-cupra.it\/?page_id=15"},"modified":"2021-01-28T10:09:36","modified_gmt":"2021-01-28T09:09:36","slug":"wir-sind-hier","status":"publish","type":"page","link":"https:\/\/www.hotelideal-cupra.it\/de\/wir-sind-hier\/","title":{"rendered":"Wir sind hier"},"content":{"rendered":"<p><iframe loading=\"lazy\" style=\"border: 0;\" tabindex=\"0\" src=\"https:\/\/www.google.com\/maps\/embed?pb=!1m14!1m8!1m3!1d11667.58602701819!2d13.8612877!3d43.0225655!3m2!1i1024!2i768!4f13.1!3m3!1m2!1s0x0%3A0x63bcc3a084b88b7b!2sHotel%20Ideal!5e0!3m2!1sit!2sit!4v1611824166507!5m2!1sit!2sit\" width=\"600\" height=\"450\" frameborder=\"0\" allowfullscreen=\"allowfullscreen\" aria-hidden=\"false\"><\/iframe><\/p>\n<p>Sie erreichen uns mit dem Auto und mit den \u00f6ffentlichen Verkehrsmitteln:<br \/>\n<strong>Mit dem Zug:<\/strong><br \/>\nZuglinie Bologna \u2013 Ancona \u2013 Pescara<br \/>\nHaltestelle Cupra Marittima (nur Nahverkehrsz\u00fcge)<br \/>\n<strong>Mit dem Auto:<\/strong><br \/>\nAutobahn A14<br \/>\nAusfahrt Pedaso (aus der Richtung Norden)<br \/>\nAusfahrt Grottammare (aus der Richtung S\u00fcden)<br \/>\n<strong>Flugh\u00e4fen:<\/strong><br \/>\nAncona und Pescara<\/p>\n","protected":false},"excerpt":{"rendered":"<p>Sie erreichen uns mit dem Auto und mit den \u00f6ffentlichen Verkehrsmitteln: Mit dem Zug: Zuglinie Bologna \u2013 Ancona \u2013 Pescara Haltestelle Cupra Marittima (nur Nahverkehrsz\u00fcge) Mit dem Auto: Autobahn A14 Ausfahrt Pedaso (aus der Richtung Norden) Ausfahrt Grottammare (aus der Richtung S\u00fcden) Flugh\u00e4fen: Ancona und Pescara<\/p>\n","protected":false},"author":1,"featured_media":0,"parent":0,"menu_order":0,"comment_status":"open","ping_status":"closed","template":"","meta":{"_acf_changed":false,"footnotes":""},"class_list":["post-15","page","type-page","status-publish","hentry"],"acf":[],"aioseo_notices":[],"_links":{"self":[{"href":"https:\/\/www.hotelideal-cupra.it\/de\/wp-json\/wp\/v2\/pages\/15","targetHints":{"allow":["GET"]}}],"collection":[{"href":"https:\/\/www.hotelideal-cupra.it\/de\/wp-json\/wp\/v2\/pages"}],"about":[{"href":"https:\/\/www.hotelideal-cupra.it\/de\/wp-json\/wp\/v2\/types\/page"}],"author":[{"embeddable":true,"href":"https:\/\/www.hotelideal-cupra.it\/de\/wp-json\/wp\/v2\/users\/1"}],"replies":[{"embeddable":true,"href":"https:\/\/www.hotelideal-cupra.it\/de\/wp-json\/wp\/v2\/comments?post=15"}],"version-history":[{"count":6,"href":"https:\/\/www.hotelideal-cupra.it\/de\/wp-json\/wp\/v2\/pages\/15\/revisions"}],"predecessor-version":[{"id":306,"href":"https:\/\/www.hotelideal-cupra.it\/de\/wp-json\/wp\/v2\/pages\/15\/revisions\/306"}],"wp:attachment":[{"href":"https:\/\/www.hotelideal-cupra.it\/de\/wp-json\/wp\/v2\/media?parent=15"}],"curies":[{"name":"wp","href":"https:\/\/api.w.org\/{rel}","templated":true}]}}