{"id":17,"date":"2014-04-16T15:59:16","date_gmt":"2014-04-16T13:59:16","guid":{"rendered":"http:\/\/www.hotelideal-cupra.it\/?page_id=17"},"modified":"2026-02-04T12:15:56","modified_gmt":"2026-02-04T11:15:56","slug":"disponibilita","status":"publish","type":"page","link":"https:\/\/www.hotelideal-cupra.it\/de\/disponibilita\/","title":{"rendered":"Reservierungen"},"content":{"rendered":"<p>Bitte f\u00fcllen Sie das folgende Formular aus und wir melden uns unverz\u00fcglich bei Ihnen.<\/p>\n\n<!-- contact form -->\n<ideal-request-form class=\"passepartout-request-form\" data-settings='{\"tariffe\":{\"Mezza Pensione\":\"Halbpension\",\"Bed & Breakfast\":\"Bed & Breakfast\"},\"labels\":{\"adults\":\"Erwachsenen\",\"children\":\"Kinder\",\"children_age\":\"Alter der Kinder\",\"select_rate\":\"Tarifauswahl\",\"room\":\"Zimmer\",\"success\":\"Die Anfrage wurde erfolgreich gesendet\"}}' data-test=\"false\">\n   <form class=\"passepartout-form\" method=\"post\" id=\"frm-contact\">\n      <input type=\"hidden\" name=\"Fonte\" value=\"form-website\" \/>\n      <input type=\"hidden\" name=\"Comando\" value=\"InsRichiestaPreventivo\" \/>\n      <input type=\"hidden\" name=\"action\" value=\"send_availability_request\" \/>\n      <input type=\"hidden\" name=\"nonce\" value=\"500677d492\" \/>\n\n      <div class=\"frm-wrap\">\n         <div class=\"col c8\">\n            <div class=\"title\">\n               <h2>Verf\u00fcgbarkeit anfragen<\/h2>\n            <\/div>\n         <\/div>\n      <\/div>\n      <div class=\"frm-wrap\">\n         <div class=\"col c4\">\n            <label for=\"dal\" class=\"d-block mb-1\">Von*<\/label>\n            <div class=\"form-field--input\">\n               <input class=\"form-control frm-text\" type=\"date\" name=\"RichiestaJSON[arrivo]\" id=\"dal\" placeholder=\"Check-in\" required \/>\n            <\/div>\n         <\/div>\n         <div class=\"col c4\">\n            <label for=\"dal\" class=\"d-block mb-1\">Zu*<\/label>\n            <div class=\"form-field--input\">\n               <input class=\"form-control frm-text\" type=\"date\" name=\"RichiestaJSON[partenza]\" id=\"al\" placeholder=\"Check-out\" required \/>\n            <\/div>\n         <\/div>\n      <\/div>\n      <div class=\"frm-wrap\">\n         <div class=\"col c8\">\n            <div class=\"rooms-container\">\n               <div class=\"room-item flex-column\" data-index=\"0\">\n\n                  <div class=\"room-item-grid\">\n                     <div class=\"cell room-item--title d-flex justify-content-between align-items-center d-md-block\">\n                        <p class=\"mb-0 d-none d-md-block\"><small>&nbsp;<\/small><\/p>\n                        <h4>Zimmer #1<\/h4>\n                        <button type=\"button\" class=\"room-item--remove d-md-none\">&times;<\/button>\n                     <\/div>\n                     <div class=\"cell room-item--service\">\n                        <p class=\"mb-0\"><small>&nbsp;<\/small><\/p>\n                        <select class=\"custom-select form-control frm-select\" required name=RichiestaJSON[camere][0][trattamento]>\n                           <option disabled selected>Tarifauswahl *<\/option>\n                           <option value=\"Mezza Pensione\">Halbpension<\/option>\n                           <option value=\"Bed & Breakfast\">Bed & Breakfast<\/option>\n                        <\/select>\n                     <\/div>\n                     <div class=\"cell room-item--adults\">\n                        <p class=\"mb-0\"><small>Adulti<\/small><\/p>\n                        <div class=\"number-stepper\">\n                           <button type=\"button\" class=\"number-stepper--btn number-stepper__minus\">\n                              -\n                           <\/button>\n                           <input type=\"number\" class=\"form-control frm-text number-stepper--input adults-quantity-input\" name=\"RichiestaJSON[camere][0][adulti]\" min=\"1\" max=\"10\" value=\"1\" \/>\n                           <button type=\"button\" class=\"number-stepper--btn number-stepper__plus\">\n                              +\n                           <\/button>\n                        <\/div>\n                     <\/div>\n                     <div class=\"cell room-item--children\">\n                        <p class=\"mb-0\"><small>Bambini<\/small><\/p>\n                        <div class=\"number-stepper\">\n                           <button type=\"button\" class=\"number-stepper--btn number-stepper__minus\">\n                              -\n                           <\/button>\n                           <input name=\"RichiestaJSON[camere][0][bambini]\" type=\"number\" class=\"form-control frm-text number-stepper--input children-quantity-input\" min=\"0\" max=\"10\" value=\"0\" \/>\n                           <button type=\"button\" class=\"number-stepper--btn number-stepper__plus\">\n                              +\n                           <\/button>\n                        <\/div>\n                        <div class=\"ages mt-3\">\n                           <label for=\"1\" class=\"fs--1 mb-3\">Et\u00e0 bambini<\/label>\n                           <ul class=\"ages-container mt-0 mb-0\"><\/ul>\n                        <\/div>\n                     <\/div>\n                     <div class=\"cell room-item--action\">\n                        <p class=\"mb-0\"><small>&nbsp;<\/small><\/p>\n                        <button type=\"button\" class=\"room-item--remove d-none d-md-block\">&times;<\/button>\n                     <\/div>\n                  <\/div>\n               <\/div>\n            <\/div>\n         <\/div>\n      <\/div>\n      <div class=\"frm-wrap\">\n         <div class=\"col c8\">\n            <button type=\"button\" class=\"room-item--add btn btn-primary\">Tarif ausw\u00e4hlen<\/button>\n         <\/div>\n      <\/div>\n      <p>&nbsp;<\/p>\n      <div class=\"frm-wrap\">\n         <div class=\"col c4\">\n            <label for=\"cognome\" class=\"d-block mb-1\">Nachname*<\/label>\n            <div class=\"form-field--input\">\n               <input class=\"form-control frm-text\" type=\"text\" name=\"RichiestaJSON[cognome]\" id=\"cognome\" required \/>\n            <\/div>\n         <\/div>\n         <div class=\"col c4\">\n            <label for=\"nome\" class=\"d-block mb-1\">Name*<\/label>\n            <div class=\"form-field--input\">\n               <input class=\"form-control frm-text\" type=\"text\" name=\"RichiestaJSON[nome]\" id=\"nome\" required \/>\n            <\/div>\n         <\/div>\n      <\/div>\n      <div class=\"frm-wrap\">\n         <div class=\"col c4\">\n            <label for=\"email\" class=\"d-block mb-1\">E-mail*<\/label>\n            <div class=\"form-field--input\">\n               <input class=\"form-control frm-text\" type=\"email\" name=\"RichiestaJSON[email]\" id=\"email\" required \/>\n            <\/div>\n         <\/div>\n         <div class=\"col c4\">\n            <label for=\"cellulare\" class=\"d-block mb-1\">Telefon*<\/label>\n            <div class=\"form-field--input\">\n               <input class=\"form-control frm-text\" type=\"tel\" name=\"RichiestaJSON[cellulare]\" id=\"cellulare\" required \/>\n            <\/div>\n         <\/div>\n      <\/div>\n      <div class=\"frm-wrap\">\n         <div class=\"col c8\">\n            <label for=\"email\" class=\"d-block mb-1\">Hinweise*<\/label>\n            <div class=\"form-field--input\">\n               <textarea class=\"form-control frm-textarea noresize\" rows=\"5\" name=\"RichiestaJSON[camere][0][annotazioni]\" id=\"notes\"><\/textarea>\n            <\/div>\n         <\/div>\n      <\/div>\n\n      <div class=\"frm-wrap\">\n         <div class=\"col c8\">\n            <label class=\"acceptance\" for=\"privacy\">\n               <input type=\"checkbox\" name=\"RichiestaJSON[privacy]\" id=\"privacy\" required \/>\n               <span class=\"acceptance--text\">Nachdem ich die <a href=\"https:\/\/www.iubenda.com\/privacy-policy\/541614\" class=\"iubenda-nostyle iubenda-white no-brand iubenda-embed iub-legal-only\">Datenschutzrichtlinie<\/a> gelesen und verstanden habe, stimme ich der Verarbeitung meiner Daten f\u00fcr die darin angegebenen Zwecke zu.<\/span>\n            <\/label>\n         <\/div>\n      <\/div>\n\n      <div class=\"frm-wrap\">\n         <div class=\"col c8\">\n            <label class=\"acceptance\" for=\"marketing\">\n               <input type=\"checkbox\" name=\"RichiestaJSON[newsletter]\" id=\"marketing\" \/>\n               <span class=\"acceptance--text\">Nachdem ich die <a href=\"https:\/\/www.iubenda.com\/privacy-policy\/541614\" class=\"iubenda-nostyle iubenda-white no-brand iubenda-embed iub-legal-only\">Datenschutzrichtlinie<\/a> gelesen und verstanden habe, stimme ich der Verarbeitung meiner Daten zu Marketingzwecken zu.<\/span>\n            <\/label>\n         <\/div>\n      <\/div>\n\n      <p>&nbsp;<\/p>\n\n      <div class=\"frm-wrap\">\n         <div class=\"col c8\">\n            <button type=\"submit\" class=\"btn btn-primary ideal-request-form--submit\">\n               <span class=\"button--label\">Senden<\/span>\n               <span class=\"button--loader\">\n                  <span><\/span>\n                  <span><\/span>\n                  <span><\/span>\n               <\/span>\n            <\/button>\n         <\/div>\n      <\/div>\n\n      <p>&nbsp;<\/p>\n\n      <div class=\"frm-wrap\">\n         <div class=\"col c8\">\n            <div class=\"feedback\">\n               <!-- dynamic -->\n            <\/div>\n         <\/div>\n      <\/div>\n\n   <\/form>\n<\/ideal-request-form>\n<!-- \/contact form -->\n<ul>\n<li>Der Preis bezieht sich auf Halbpension, die Fr\u00fchst\u00fcck und Abendessen beinhaltet, bei einem Mindestaufenthalt von 3 Tagen.<\/li>\n<li>Auf Reservierung ist es m\u00f6glich, ein Mittagessen mit einem Tagesmen\u00fc einzunehmen.<\/li>\n<li>Der Preis f\u00fcr \u00dcbernachtung mit Fr\u00fchst\u00fcck gilt pro Zimmer (Doppel- oder Zweibettzimmer). Zuschlag f\u00fcr drittes Bett + 35%.<\/li>\n<\/ul>\n<p>Strandservice eingeschlossen, bestehend aus 1 Sonnenschirm, 1 Sonnenliege und 1 Liegestuhl f\u00fcr jedes reservierte Zimmer.<\/p>\n<p>F\u00fcr einen Sonnenschirm in der ersten Reihe wird ein Zuschlag von 7 \u20ac pro Tag erhoben und f\u00fcr die zweite Reihe von 5 \u20ac. (wenn verfuegbar).<\/p>\n<p>Eine zweite Sonnenliege auf Anfrage 4 \u20ac pro Tag.<\/p>\n<p><strong>Kurtaxe ist nicht im Preis inbegriffen<\/strong><\/p>\n<h3>Kindererm\u00e4\u00dfigungen (im gleichen Zimmer)<\/h3>\n<ul>\n<li>Bis zum 1 Jahr kostenlos<\/li>\n<li>1 bis 2 Jahren \u20ac 15,00<\/li>\n<li>3 bis 6 Jahren 50%<\/li>\n<li>7 bis 12 Jahren 30%<\/li>\n<\/ul>\n<h3>Erwachsene im 3. Bett: 10% Erm\u00e4\u00dfigung<\/h3>\n<h3>Halbpension: \u20ac 5 Reduktion<\/h3>\n<p><strong>F\u00dcR DIE RESERVIERUNG:<\/strong><\/p>\n<p>300 \u20ac Anzahlung\u00a0innerhalb von 15 Tagen nach Best\u00e4tigung zu senden<br \/>\nIBAN: <strong><span lang=\"EN-GB\">IT56 K030 6969 4711 0000 0006 916<\/span><\/strong><br \/>\nBEZAHLUNG: Scheck, Bargeld, Bank\u00fcberweisung, Debit- und Kreditkarten (au\u00dfer American Express und Diners).<\/p>\n","protected":false},"excerpt":{"rendered":"<p>Bitte f\u00fcllen Sie das folgende Formular aus und wir melden uns unverz\u00fcglich bei Ihnen. Der Preis bezieht sich auf Halbpension, die Fr\u00fchst\u00fcck und Abendessen beinhaltet, bei einem Mindestaufenthalt von 3 Tagen. Auf Reservierung ist es m\u00f6glich, ein Mittagessen mit einem Tagesmen\u00fc einzunehmen. Der Preis f\u00fcr \u00dcbernachtung mit Fr\u00fchst\u00fcck gilt pro Zimmer (Doppel- oder Zweibettzimmer). Zuschlag [&hellip;]<\/p>\n","protected":false},"author":1,"featured_media":0,"parent":0,"menu_order":0,"comment_status":"open","ping_status":"open","template":"","meta":{"_acf_changed":false,"footnotes":""},"class_list":["post-17","page","type-page","status-publish","hentry"],"acf":[],"aioseo_notices":[],"_links":{"self":[{"href":"https:\/\/www.hotelideal-cupra.it\/de\/wp-json\/wp\/v2\/pages\/17","targetHints":{"allow":["GET"]}}],"collection":[{"href":"https:\/\/www.hotelideal-cupra.it\/de\/wp-json\/wp\/v2\/pages"}],"about":[{"href":"https:\/\/www.hotelideal-cupra.it\/de\/wp-json\/wp\/v2\/types\/page"}],"author":[{"embeddable":true,"href":"https:\/\/www.hotelideal-cupra.it\/de\/wp-json\/wp\/v2\/users\/1"}],"replies":[{"embeddable":true,"href":"https:\/\/www.hotelideal-cupra.it\/de\/wp-json\/wp\/v2\/comments?post=17"}],"version-history":[{"count":12,"href":"https:\/\/www.hotelideal-cupra.it\/de\/wp-json\/wp\/v2\/pages\/17\/revisions"}],"predecessor-version":[{"id":379,"href":"https:\/\/www.hotelideal-cupra.it\/de\/wp-json\/wp\/v2\/pages\/17\/revisions\/379"}],"wp:attachment":[{"href":"https:\/\/www.hotelideal-cupra.it\/de\/wp-json\/wp\/v2\/media?parent=17"}],"curies":[{"name":"wp","href":"https:\/\/api.w.org\/{rel}","templated":true}]}}