{"id":49,"date":"2014-04-16T18:17:21","date_gmt":"2014-04-16T16:17:21","guid":{"rendered":"http:\/\/www.hotelideal-cupra.it\/?page_id=49"},"modified":"2016-02-23T12:48:36","modified_gmt":"2016-02-23T11:48:36","slug":"ausflugsrouten","status":"publish","type":"page","link":"https:\/\/www.hotelideal-cupra.it\/de\/ausflugsrouten\/","title":{"rendered":"Ausflugsrouten"},"content":{"rendered":"<p>Meer, aber nicht nur! Lassen Sie sich von uns zur Entdeckung unserer sch\u00f6nen Landschaft und Umgebung verf\u00fchren! Unser Gebiet bietet viele Sehensw\u00fcrdigkeiten und vieles zu erleben: Das Dorf <strong>Cupra Marittima<\/strong>, die mittelalterlichen Orte <strong>Offida<\/strong>, <strong>Ripatransone<\/strong>, <strong>Montalto Marche<\/strong> und die leckeren Spezialit\u00e4ten der m\u00e4rkischen K\u00fcche.<\/p>\n<p>Auch die ber\u00fchmten Sehensw\u00fcrdigkeiten wie die <strong>Grotten von Frasassi<\/strong> und den <strong>Wallfahrtsort Loreto<\/strong> sind einfach zu erreichen.<\/p>\n","protected":false},"excerpt":{"rendered":"<p>Meer, aber nicht nur! Lassen Sie sich von uns zur Entdeckung unserer sch\u00f6nen Landschaft und Umgebung verf\u00fchren! Unser Gebiet bietet viele Sehensw\u00fcrdigkeiten und vieles zu erleben: Das Dorf Cupra Marittima, die mittelalterlichen Orte Offida, Ripatransone, Montalto Marche und die leckeren Spezialit\u00e4ten der m\u00e4rkischen K\u00fcche. Auch die ber\u00fchmten Sehensw\u00fcrdigkeiten wie die Grotten von Frasassi und den [&hellip;]<\/p>\n","protected":false},"author":1,"featured_media":0,"parent":0,"menu_order":0,"comment_status":"open","ping_status":"open","template":"page-itinerari.php","meta":{"_acf_changed":false,"footnotes":""},"class_list":["post-49","page","type-page","status-publish","hentry"],"acf":[],"aioseo_notices":[],"_links":{"self":[{"href":"https:\/\/www.hotelideal-cupra.it\/de\/wp-json\/wp\/v2\/pages\/49","targetHints":{"allow":["GET"]}}],"collection":[{"href":"https:\/\/www.hotelideal-cupra.it\/de\/wp-json\/wp\/v2\/pages"}],"about":[{"href":"https:\/\/www.hotelideal-cupra.it\/de\/wp-json\/wp\/v2\/types\/page"}],"author":[{"embeddable":true,"href":"https:\/\/www.hotelideal-cupra.it\/de\/wp-json\/wp\/v2\/users\/1"}],"replies":[{"embeddable":true,"href":"https:\/\/www.hotelideal-cupra.it\/de\/wp-json\/wp\/v2\/comments?post=49"}],"version-history":[{"count":8,"href":"https:\/\/www.hotelideal-cupra.it\/de\/wp-json\/wp\/v2\/pages\/49\/revisions"}],"predecessor-version":[{"id":235,"href":"https:\/\/www.hotelideal-cupra.it\/de\/wp-json\/wp\/v2\/pages\/49\/revisions\/235"}],"wp:attachment":[{"href":"https:\/\/www.hotelideal-cupra.it\/de\/wp-json\/wp\/v2\/media?parent=49"}],"curies":[{"name":"wp","href":"https:\/\/api.w.org\/{rel}","templated":true}]}}