{"id":7,"date":"2014-04-16T12:40:25","date_gmt":"2014-04-16T12:40:25","guid":{"rendered":"http:\/\/www.hotelideal-cupra.it\/?page_id=2"},"modified":"2023-05-26T14:44:04","modified_gmt":"2023-05-26T12:44:04","slug":"home","status":"publish","type":"page","link":"https:\/\/www.hotelideal-cupra.it\/de\/","title":{"rendered":"Home"},"content":{"rendered":"<p>Das Hotel Ideal befindet sich direkt am privaten Sandstrand und liegt auf der Meerpromenade von Cupra Marittima, in der Mitte des Dorfes. Dank seiner Lage ist das Hotel der ideale Erholungsort an der Adriasee.<\/p>\n<p><strong>K\u00fcche<\/strong><br \/>\nBesonders wichtig ist f\u00fcr Gino, den Besitzer und K\u00fcchenchef, die Pflege der mediterranen,\u00a0leichten K\u00fcche.<br \/>\nT\u00e4glich werden frischer Fisch, meist lokal gefangen und Fleischgerichte aus der Region\u00a0angeboten.<br \/>\nBei den Vor- und Hauptspeisen gibt es eine Men\u00fcwahl. Die warmen Speisen und\u00a0das Dessert werden am Tisch serviert. Zus\u00e4tzlich kann man sich an einem Salat\/Gem\u00fcseb\u00fcffet\u00a0bedienen.<br \/>\nJede Woche findet im Freien bei der R\u00fcckkehr vom Strand ein Aperitif mit hausgemachter\u00a0Pizza und lokalen Weinen statt. \u00a0W\u00fcnsche von Kindern hinsichtlich des Essens und besondere Ern\u00e4hrungsbed\u00fcrfnisse werden\u00a0gerne ber\u00fccksichtigt. Die Atmosph\u00e4re ist famili\u00e4r, gem\u00fctlich und bequem. Der Speiseraum ist klimatisiert.<\/p>\n","protected":false},"excerpt":{"rendered":"<p>Das Hotel Ideal befindet sich direkt am privaten Sandstrand und liegt auf der Meerpromenade von Cupra Marittima, in der Mitte des Dorfes. Dank seiner Lage ist das Hotel der ideale Erholungsort an der Adriasee. K\u00fcche Besonders wichtig ist f\u00fcr Gino, den Besitzer und K\u00fcchenchef, die Pflege der mediterranen,\u00a0leichten K\u00fcche. T\u00e4glich werden frischer Fisch, meist lokal [&hellip;]<\/p>\n","protected":false},"author":1,"featured_media":174,"parent":0,"menu_order":0,"comment_status":"open","ping_status":"open","template":"page-home.php","meta":{"_acf_changed":false,"footnotes":""},"class_list":["post-7","page","type-page","status-publish","has-post-thumbnail","hentry"],"acf":[],"aioseo_notices":[],"_links":{"self":[{"href":"https:\/\/www.hotelideal-cupra.it\/de\/wp-json\/wp\/v2\/pages\/7","targetHints":{"allow":["GET"]}}],"collection":[{"href":"https:\/\/www.hotelideal-cupra.it\/de\/wp-json\/wp\/v2\/pages"}],"about":[{"href":"https:\/\/www.hotelideal-cupra.it\/de\/wp-json\/wp\/v2\/types\/page"}],"author":[{"embeddable":true,"href":"https:\/\/www.hotelideal-cupra.it\/de\/wp-json\/wp\/v2\/users\/1"}],"replies":[{"embeddable":true,"href":"https:\/\/www.hotelideal-cupra.it\/de\/wp-json\/wp\/v2\/comments?post=7"}],"version-history":[{"count":15,"href":"https:\/\/www.hotelideal-cupra.it\/de\/wp-json\/wp\/v2\/pages\/7\/revisions"}],"predecessor-version":[{"id":361,"href":"https:\/\/www.hotelideal-cupra.it\/de\/wp-json\/wp\/v2\/pages\/7\/revisions\/361"}],"wp:featuredmedia":[{"embeddable":true,"href":"https:\/\/www.hotelideal-cupra.it\/de\/wp-json\/wp\/v2\/media\/174"}],"wp:attachment":[{"href":"https:\/\/www.hotelideal-cupra.it\/de\/wp-json\/wp\/v2\/media?parent=7"}],"curies":[{"name":"wp","href":"https:\/\/api.w.org\/{rel}","templated":true}]}}