{"id":8,"date":"2014-04-16T15:58:20","date_gmt":"2014-04-16T13:58:20","guid":{"rendered":"http:\/\/www.hotelideal-cupra.it\/?page_id=7"},"modified":"2026-02-04T12:16:52","modified_gmt":"2026-02-04T11:16:52","slug":"zimmer","status":"publish","type":"page","link":"https:\/\/www.hotelideal-cupra.it\/de\/zimmer\/","title":{"rendered":"Zimmer"},"content":{"rendered":"<p>Alle Zimmer sind k\u00fcrzlich renoviert worden und verf\u00fcgen \u00fcber:<\/p>\n<ul>\n<li>WC<\/li>\n<li>Bad oder Dusche<\/li>\n<li>Wi-Fi<\/li>\n<li>Klimaanlage<\/li>\n<li>Telefon<\/li>\n<li>Haartrockner<\/li>\n<li>Satellitenfernsehen<\/li>\n<li>Safe<\/li>\n<\/ul>\n<p>Au\u00dferdem hat das Hotel Ideal einen Festsaal mit Panoramablick auf die Adria, eine Bar und bietet ein Fr\u00fcst\u00fccks.<\/p>\n<p>Besonders wichtig ist f\u00fcr Gino, den Besitzer und K\u00fcchenchef, die Pflege der mediterranean, leichten K\u00fcche.<br \/>\nT\u00e4gliche Auswahl an frischem Fisch, meist lokal gefangen und Fleischgerichten aus der Region.<br \/>\nMen\u00fcauswahl bei den Vor &#8211; und Hauptspeisen. Die Speisen werden am Tisch serviert.<br \/>\nZus\u00e4tzlich gibt es mittags und abends ein Salatb\u00fcffet.<\/p>\n<p>Die Atmosph\u00e4re ist famili\u00e4r, gem\u00fctlich und bequem: Klimatisierter Speisesaal und Fr\u00fchst\u00fccksraum, Bar, Aufzug und feinsandiger privater Strand direkt vor dem Hotel.<\/p>\n<p>Fahrr\u00e4der stehen kostenlos zur Verf\u00fcgung unserer G\u00e4ste.<\/p>\n","protected":false},"excerpt":{"rendered":"<p>Alle Zimmer sind k\u00fcrzlich renoviert worden und verf\u00fcgen \u00fcber: WC Bad oder Dusche Wi-Fi Klimaanlage Telefon Haartrockner Satellitenfernsehen Safe Au\u00dferdem hat das Hotel Ideal einen Festsaal mit Panoramablick auf die Adria, eine Bar und bietet ein Fr\u00fcst\u00fccks. Besonders wichtig ist f\u00fcr Gino, den Besitzer und K\u00fcchenchef, die Pflege der mediterranean, leichten K\u00fcche. T\u00e4gliche Auswahl an [&hellip;]<\/p>\n","protected":false},"author":1,"featured_media":183,"parent":0,"menu_order":0,"comment_status":"open","ping_status":"open","template":"page-camere.php","meta":{"_acf_changed":false,"footnotes":""},"class_list":["post-8","page","type-page","status-publish","has-post-thumbnail","hentry"],"acf":[],"aioseo_notices":[],"_links":{"self":[{"href":"https:\/\/www.hotelideal-cupra.it\/de\/wp-json\/wp\/v2\/pages\/8","targetHints":{"allow":["GET"]}}],"collection":[{"href":"https:\/\/www.hotelideal-cupra.it\/de\/wp-json\/wp\/v2\/pages"}],"about":[{"href":"https:\/\/www.hotelideal-cupra.it\/de\/wp-json\/wp\/v2\/types\/page"}],"author":[{"embeddable":true,"href":"https:\/\/www.hotelideal-cupra.it\/de\/wp-json\/wp\/v2\/users\/1"}],"replies":[{"embeddable":true,"href":"https:\/\/www.hotelideal-cupra.it\/de\/wp-json\/wp\/v2\/comments?post=8"}],"version-history":[{"count":7,"href":"https:\/\/www.hotelideal-cupra.it\/de\/wp-json\/wp\/v2\/pages\/8\/revisions"}],"predecessor-version":[{"id":380,"href":"https:\/\/www.hotelideal-cupra.it\/de\/wp-json\/wp\/v2\/pages\/8\/revisions\/380"}],"wp:featuredmedia":[{"embeddable":true,"href":"https:\/\/www.hotelideal-cupra.it\/de\/wp-json\/wp\/v2\/media\/183"}],"wp:attachment":[{"href":"https:\/\/www.hotelideal-cupra.it\/de\/wp-json\/wp\/v2\/media?parent=8"}],"curies":[{"name":"wp","href":"https:\/\/api.w.org\/{rel}","templated":true}]}}