{"id":9,"date":"2014-04-16T15:58:33","date_gmt":"2014-04-16T13:58:33","guid":{"rendered":"http:\/\/www.hotelideal-cupra.it\/?page_id=9"},"modified":"2021-06-04T18:08:44","modified_gmt":"2021-06-04T16:08:44","slug":"strand","status":"publish","type":"page","link":"https:\/\/www.hotelideal-cupra.it\/de\/strand\/","title":{"rendered":"Strand"},"content":{"rendered":"<p>Unser Hotel liegt in Cupra Marittima, direkt am Meer, wo der Sandstrand fein und wei\u03b2 ist.<br \/>\nSeit 1997 wird der Ort mit der &#8222;Bandiera Blu&#8220;, der blauen Fahne f\u00fcr die Sauberkeit de Meeres ausgezeichnet.<\/p>\n<p>F\u00fcr kind und Eltern ist die sanft abfallende Wassertiefe mit ihrem hellen Sand perfekt geeignet zum planschen und schwimmen.<br \/>\nDie Breite des Strandes l\u00e4dt dar\u00fcber hinaus zu anderen Sportaktivit\u00e4ten (z.B. Beach Volleyball) ein.<\/p>\n<p>In der N\u00e4he finden sie weitere Strandb\u00e4der, hier &#8222;chalet&#8220; genannt, wo sie ein Eis oder einen Kaffee einnehmen k\u00f6nnen.<\/p>\n<p>Wenn Sie einen offenen Naturstrand bevorzugen, k\u00f6nnen Sie vom Hotel aus an der K\u00fcste entlang mehrere kilometer am Sandstrand nach S\u00fcden wandern.<\/p>\n<p>Wegen der hinter Cupra Marittima aufsteigenden Berge gibt es auch an hei\u03b2en Sommertagen eine frische Meeresbrise, die das Schwimmen und spaziaren gehen zum Vergn\u00fcgen machen.<\/p>\n","protected":false},"excerpt":{"rendered":"<p>Unser Hotel liegt in Cupra Marittima, direkt am Meer, wo der Sandstrand fein und wei\u03b2 ist. Seit 1997 wird der Ort mit der &#8222;Bandiera Blu&#8220;, der blauen Fahne f\u00fcr die Sauberkeit de Meeres ausgezeichnet. F\u00fcr kind und Eltern ist die sanft abfallende Wassertiefe mit ihrem hellen Sand perfekt geeignet zum planschen und schwimmen. Die Breite [&hellip;]<\/p>\n","protected":false},"author":1,"featured_media":0,"parent":0,"menu_order":0,"comment_status":"open","ping_status":"closed","template":"","meta":{"_acf_changed":false,"footnotes":""},"class_list":["post-9","page","type-page","status-publish","hentry"],"acf":[],"aioseo_notices":[],"_links":{"self":[{"href":"https:\/\/www.hotelideal-cupra.it\/de\/wp-json\/wp\/v2\/pages\/9","targetHints":{"allow":["GET"]}}],"collection":[{"href":"https:\/\/www.hotelideal-cupra.it\/de\/wp-json\/wp\/v2\/pages"}],"about":[{"href":"https:\/\/www.hotelideal-cupra.it\/de\/wp-json\/wp\/v2\/types\/page"}],"author":[{"embeddable":true,"href":"https:\/\/www.hotelideal-cupra.it\/de\/wp-json\/wp\/v2\/users\/1"}],"replies":[{"embeddable":true,"href":"https:\/\/www.hotelideal-cupra.it\/de\/wp-json\/wp\/v2\/comments?post=9"}],"version-history":[{"count":7,"href":"https:\/\/www.hotelideal-cupra.it\/de\/wp-json\/wp\/v2\/pages\/9\/revisions"}],"predecessor-version":[{"id":313,"href":"https:\/\/www.hotelideal-cupra.it\/de\/wp-json\/wp\/v2\/pages\/9\/revisions\/313"}],"wp:attachment":[{"href":"https:\/\/www.hotelideal-cupra.it\/de\/wp-json\/wp\/v2\/media?parent=9"}],"curies":[{"name":"wp","href":"https:\/\/api.w.org\/{rel}","templated":true}]}}