{"id":13,"date":"2014-04-16T15:58:54","date_gmt":"2014-04-16T13:58:54","guid":{"rendered":"http:\/\/www.hotelideal-cupra.it\/?page_id=13"},"modified":"2025-04-29T12:07:26","modified_gmt":"2025-04-29T10:07:26","slug":"tarifs","status":"publish","type":"page","link":"https:\/\/www.hotelideal-cupra.it\/fr\/tarifs\/","title":{"rendered":"DEVIS"},"content":{"rendered":"<div>\n<!-- contact form -->\n<ideal-request-form class=\"passepartout-request-form\" data-settings='{\"tariffe\":{\"Mezza Pensione\":\"demi-pension\",\"Bed & Breakfast\":\"Bed & Breakfast\"},\"labels\":{\"adults\":\"Adultes\",\"children\":\"Enfants\",\"children_age\":\"\\u00c2ge des enfants\",\"select_rate\":\"S\\u00e9lectionnez le tarif\",\"room\":\"Chambre\",\"success\":\"La demande a \\u00e9t\\u00e9 envoy\\u00e9e avec succ\\u00e8s\"}}' data-test=\"false\">\n   <form class=\"passepartout-form\" method=\"post\" id=\"frm-contact\">\n      <input type=\"hidden\" name=\"Fonte\" value=\"form-website\" \/>\n      <input type=\"hidden\" name=\"Comando\" value=\"InsRichiestaPreventivo\" \/>\n      <input type=\"hidden\" name=\"action\" value=\"send_availability_request\" \/>\n      <input type=\"hidden\" name=\"nonce\" value=\"0d9ac8050d\" \/>\n\n      <div class=\"frm-wrap\">\n         <div class=\"col c8\">\n            <div class=\"title\">\n               <h2>Demande de disponibilit\u00e9<\/h2>\n            <\/div>\n         <\/div>\n      <\/div>\n      <div class=\"frm-wrap\">\n         <div class=\"col c4\">\n            <label for=\"dal\" class=\"d-block mb-1\">Du*<\/label>\n            <div class=\"form-field--input\">\n               <input class=\"form-control frm-text\" type=\"date\" name=\"RichiestaJSON[arrivo]\" id=\"dal\" placeholder=\"Check-in\" required \/>\n            <\/div>\n         <\/div>\n         <div class=\"col c4\">\n            <label for=\"dal\" class=\"d-block mb-1\">Au*<\/label>\n            <div class=\"form-field--input\">\n               <input class=\"form-control frm-text\" type=\"date\" name=\"RichiestaJSON[partenza]\" id=\"al\" placeholder=\"Check-out\" required \/>\n            <\/div>\n         <\/div>\n      <\/div>\n      <div class=\"frm-wrap\">\n         <div class=\"col c8\">\n            <div class=\"rooms-container\">\n               <div class=\"room-item flex-column\" data-index=\"0\">\n\n                  <div class=\"room-item-grid\">\n                     <div class=\"cell room-item--title d-flex justify-content-between align-items-center d-md-block\">\n                        <p class=\"mb-0 d-none d-md-block\"><small>&nbsp;<\/small><\/p>\n                        <h4>Chambre #1<\/h4>\n                        <button type=\"button\" class=\"room-item--remove d-md-none\">&times;<\/button>\n                     <\/div>\n                     <div class=\"cell room-item--service\">\n                        <p class=\"mb-0\"><small>&nbsp;<\/small><\/p>\n                        <select class=\"custom-select form-control frm-select\" required name=RichiestaJSON[camere][0][trattamento]>\n                           <option disabled selected>S\u00e9lectionnez le tarif *<\/option>\n                           <option value=\"Mezza Pensione\">demi-pension<\/option>\n                           <option value=\"Bed & Breakfast\">Bed & Breakfast<\/option>\n                        <\/select>\n                     <\/div>\n                     <div class=\"cell room-item--adults\">\n                        <p class=\"mb-0\"><small>Adulti<\/small><\/p>\n                        <div class=\"number-stepper\">\n                           <button type=\"button\" class=\"number-stepper--btn number-stepper__minus\">\n                              -\n                           <\/button>\n                           <input type=\"number\" class=\"form-control frm-text number-stepper--input adults-quantity-input\" name=\"RichiestaJSON[camere][0][adulti]\" min=\"1\" max=\"10\" value=\"1\" \/>\n                           <button type=\"button\" class=\"number-stepper--btn number-stepper__plus\">\n                              +\n                           <\/button>\n                        <\/div>\n                     <\/div>\n                     <div class=\"cell room-item--children\">\n                        <p class=\"mb-0\"><small>Bambini<\/small><\/p>\n                        <div class=\"number-stepper\">\n                           <button type=\"button\" class=\"number-stepper--btn number-stepper__minus\">\n                              -\n                           <\/button>\n                           <input name=\"RichiestaJSON[camere][0][bambini]\" type=\"number\" class=\"form-control frm-text number-stepper--input children-quantity-input\" min=\"0\" max=\"10\" value=\"0\" \/>\n                           <button type=\"button\" class=\"number-stepper--btn number-stepper__plus\">\n                              +\n                           <\/button>\n                        <\/div>\n                        <div class=\"ages mt-3\">\n                           <label for=\"1\" class=\"fs--1 mb-3\">Et\u00e0 bambini<\/label>\n                           <ul class=\"ages-container mt-0 mb-0\"><\/ul>\n                        <\/div>\n                     <\/div>\n                     <div class=\"cell room-item--action\">\n                        <p class=\"mb-0\"><small>&nbsp;<\/small><\/p>\n                        <button type=\"button\" class=\"room-item--remove d-none d-md-block\">&times;<\/button>\n                     <\/div>\n                  <\/div>\n               <\/div>\n            <\/div>\n         <\/div>\n      <\/div>\n      <div class=\"frm-wrap\">\n         <div class=\"col c8\">\n            <button type=\"button\" class=\"room-item--add btn btn-primary\">Ajouter une pi\u00e8ce<\/button>\n         <\/div>\n      <\/div>\n      <p>&nbsp;<\/p>\n      <div class=\"frm-wrap\">\n         <div class=\"col c4\">\n            <label for=\"cognome\" class=\"d-block mb-1\">Nom de famille*<\/label>\n            <div class=\"form-field--input\">\n               <input class=\"form-control frm-text\" type=\"text\" name=\"RichiestaJSON[cognome]\" id=\"cognome\" required \/>\n            <\/div>\n         <\/div>\n         <div class=\"col c4\">\n            <label for=\"nome\" class=\"d-block mb-1\">Nom*<\/label>\n            <div class=\"form-field--input\">\n               <input class=\"form-control frm-text\" type=\"text\" name=\"RichiestaJSON[nome]\" id=\"nome\" required \/>\n            <\/div>\n         <\/div>\n      <\/div>\n      <div class=\"frm-wrap\">\n         <div class=\"col c4\">\n            <label for=\"email\" class=\"d-block mb-1\">E-mail*<\/label>\n            <div class=\"form-field--input\">\n               <input class=\"form-control frm-text\" type=\"email\" name=\"RichiestaJSON[email]\" id=\"email\" required \/>\n            <\/div>\n         <\/div>\n         <div class=\"col c4\">\n            <label for=\"cellulare\" class=\"d-block mb-1\">T\u00e9l\u00e9phone*<\/label>\n            <div class=\"form-field--input\">\n               <input class=\"form-control frm-text\" type=\"tel\" name=\"RichiestaJSON[cellulare]\" id=\"cellulare\" required \/>\n            <\/div>\n         <\/div>\n      <\/div>\n      <div class=\"frm-wrap\">\n         <div class=\"col c8\">\n            <label for=\"email\" class=\"d-block mb-1\">Remarques*<\/label>\n            <div class=\"form-field--input\">\n               <textarea class=\"form-control frm-textarea noresize\" rows=\"5\" name=\"RichiestaJSON[camere][0][annotazioni]\" id=\"notes\"><\/textarea>\n            <\/div>\n         <\/div>\n      <\/div>\n\n      <div class=\"frm-wrap\">\n         <div class=\"col c8\">\n            <label class=\"acceptance\" for=\"privacy\">\n               <input type=\"checkbox\" name=\"RichiestaJSON[privacy]\" id=\"privacy\" required \/>\n               <span class=\"acceptance--text\">Apr\u00e8s avoir lu et compris <a href=\"https:\/\/www.iubenda.com\/privacy-policy\/541614\" class=\"iubenda-nostyle iubenda-white no-brand iubenda-embed iub-legal-only\">la Politique de confidentialit\u00e9<\/a>, je consens au traitement de mes donn\u00e9es aux fins qui y sont indiqu\u00e9es.<\/span>\n            <\/label>\n         <\/div>\n      <\/div>\n\n      <div class=\"frm-wrap\">\n         <div class=\"col c8\">\n            <label class=\"acceptance\" for=\"marketing\">\n               <input type=\"checkbox\" name=\"RichiestaJSON[newsletter]\" id=\"marketing\" \/>\n               <span class=\"acceptance--text\">Apr\u00e8s avoir lu et compris <a href=\"https:\/\/www.iubenda.com\/privacy-policy\/541614\" class=\"iubenda-nostyle iubenda-white no-brand iubenda-embed iub-legal-only\">la Politique de confidentialit\u00e9<\/a>, je consens au traitement de mes donn\u00e9es \u00e0 des fins de marketing.<\/span>\n            <\/label>\n         <\/div>\n      <\/div>\n\n      <p>&nbsp;<\/p>\n\n      <div class=\"frm-wrap\">\n         <div class=\"col c8\">\n            <button type=\"submit\" class=\"btn btn-primary ideal-request-form--submit\">\n               <span class=\"button--label\">Envoi demande<\/span>\n               <span class=\"button--loader\">\n                  <span><\/span>\n                  <span><\/span>\n                  <span><\/span>\n               <\/span>\n            <\/button>\n         <\/div>\n      <\/div>\n\n      <p>&nbsp;<\/p>\n\n      <div class=\"frm-wrap\">\n         <div class=\"col c8\">\n            <div class=\"feedback\">\n               <!-- dynamic -->\n            <\/div>\n         <\/div>\n      <\/div>\n\n   <\/form>\n<\/ideal-request-form>\n<!-- \/contact form --><\/div>\n<p>&nbsp;<\/p>\n<ul>\n<li>Le prix se r\u00e9f\u00e8re \u00e0 la demi-pension, qui comprend le petit-d\u00e9jeuner et le d\u00eener, pour un s\u00e9jour minimum de 3 jours.<\/li>\n<li>Sur r\u00e9servation, il est toujours possible de d\u00e9jeuner avec un menu fixe du jour.<\/li>\n<li>Le prix du lit et du petit-d\u00e9jeuner est par chambre (double ou twin). Suppl\u00e9ment troisi\u00e8me lit + 30%.<\/li>\n<li>Taxe de s\u00e9jour non incluse<\/li>\n<\/ul>\n<p class=\"p1\">Le service plage inclus un parasol, un transat et une chaise longue par chambre r\u00e9serv\u00e9e.<\/p>\n<p class=\"p1\">Il y a un suppl\u00e9ment journalier de 7 \u20ac pour les parasols de la premi\u00e8re rang\u00e9e face \u00e0 la mer et de 5 \u20ac pour la deuxi\u00e8me rang\u00e9e. (selon disponibilit\u00e9)<\/p>\n<p class=\"p1\">Suppl\u00e9ment de 4 \u20ac par jour pour un deuxi\u00e8me transat.<\/p>\n<p>Les v\u00e9los de l\u2019h\u00f4tel sont mis gracieusement \u00e0 disposition des clients.<\/p>\n<p><strong>\u00a0R\u00c9DUCTIONS POUR LES ENFANTS -PARTAGEANT LA CHAMBRE DE DEUX ADULTES<\/strong><\/p>\n<ul>\n<li>Jusqu\u2019\u00e0 1 an\u00a0 \u00a0 gratuit<\/li>\n<li>De 1 \u00e0 2 ans:\u00a0 \u00a010 \u20ac par jour<\/li>\n<li>De 3 \u00e0 6 ans:\u00a0 50%<\/li>\n<li>De 7 \u00e0 12 ans: 30%<\/li>\n<\/ul>\n<p>R\u00c9DUCTION 3<sup>\u00e8me<\/sup> lit adulte\u00a0: 10%<\/p>\n<p><strong>POUR R\u00c9SERVATION:<\/strong><\/p>\n<p>\u20ac300 d\u2019acompte00<br \/>\nIBAN: <strong><span lang=\"EN-GB\">IT56 K030 6969 4711 0000 0006 916<\/span><\/strong><br \/>\nPaiement: ch\u00e8que, esp\u00e8ces, virement, carte bancaire et carte de credit (exclu American Express et Diners).<\/p>\n<p>Le jour du d\u00e9part, il n\u2019est pas possible d\u2019utiliser le service de plage et le parking.<br \/>\nContacter la direction pour plus d\u2019informations<\/p>\n<p><strong>CHECK IN \/ CHECK OUT<\/strong><\/p>\n<p>Les chambres sont disponibles \u00e0 partir de 12h00 du jour d\u2019arriv\u00e9e et jusqu\u2019\u00e0 10h00 le jour du d\u00e9part.<\/p>\n<p>La pension compl\u00e8te commence avec le d\u00e9jeuner du jour d\u2019arriv\u00e9e et se termine avec le petit d\u00e9jeuner le jour du d\u00e9part.<\/p>\n<p>&nbsp;<\/p>\n<p>&nbsp;<\/p>\n<p>&nbsp;<\/p>\n","protected":false},"excerpt":{"rendered":"<p>&nbsp; Le prix se r\u00e9f\u00e8re \u00e0 la demi-pension, qui comprend le petit-d\u00e9jeuner et le d\u00eener, pour un s\u00e9jour minimum de 3 jours. Sur r\u00e9servation, il est toujours possible de d\u00e9jeuner avec un menu fixe du jour. Le prix du lit et du petit-d\u00e9jeuner est par chambre (double ou twin). Suppl\u00e9ment troisi\u00e8me lit + 30%. Taxe [&hellip;]<\/p>\n","protected":false},"author":1,"featured_media":0,"parent":0,"menu_order":0,"comment_status":"open","ping_status":"open","template":"page-listino.php","meta":{"_acf_changed":false,"footnotes":""},"class_list":["post-13","page","type-page","status-publish","hentry"],"acf":[],"aioseo_notices":[],"_links":{"self":[{"href":"https:\/\/www.hotelideal-cupra.it\/fr\/wp-json\/wp\/v2\/pages\/13","targetHints":{"allow":["GET"]}}],"collection":[{"href":"https:\/\/www.hotelideal-cupra.it\/fr\/wp-json\/wp\/v2\/pages"}],"about":[{"href":"https:\/\/www.hotelideal-cupra.it\/fr\/wp-json\/wp\/v2\/types\/page"}],"author":[{"embeddable":true,"href":"https:\/\/www.hotelideal-cupra.it\/fr\/wp-json\/wp\/v2\/users\/1"}],"replies":[{"embeddable":true,"href":"https:\/\/www.hotelideal-cupra.it\/fr\/wp-json\/wp\/v2\/comments?post=13"}],"version-history":[{"count":27,"href":"https:\/\/www.hotelideal-cupra.it\/fr\/wp-json\/wp\/v2\/pages\/13\/revisions"}],"predecessor-version":[{"id":532,"href":"https:\/\/www.hotelideal-cupra.it\/fr\/wp-json\/wp\/v2\/pages\/13\/revisions\/532"}],"wp:attachment":[{"href":"https:\/\/www.hotelideal-cupra.it\/fr\/wp-json\/wp\/v2\/media?parent=13"}],"curies":[{"name":"wp","href":"https:\/\/api.w.org\/{rel}","templated":true}]}}